{"id":390,"date":"2021-09-09T22:21:03","date_gmt":"2021-09-09T20:21:03","guid":{"rendered":"https:\/\/www.seequestsolutions.com\/?page_id=390"},"modified":"2023-08-21T18:02:18","modified_gmt":"2023-08-21T16:02:18","slug":"recrutare-pozitii-de-inginerie","status":"publish","type":"page","link":"https:\/\/www.seequestsolutions.com\/en\/recrutare-pozitii-de-inginerie\/","title":{"rendered":"Recruiting for engineering positions"},"content":{"rendered":"<p style=\"font-size:17px\">Engineering positions are challenging for recruiters due to the complexity of the role. Experience in the engineering recruitment field is mandatory to be able to propose the best fit candidates.<\/p>\n\n\n\n<p style=\"font-size:17px\">A first step is to identify correctly the recruitment need. We made the choice to consult with experts from various industries and to analyse in the deepest detail the requirements of the opening.<\/p>\n\n\n\n<p style=\"font-size:17px\">Technical openings or niche roles always need an active recruiting approach. We have the resources to evaluate basic engineering skills so we can be sure that the proposed candidates will be successfully onboarded.<\/p>","protected":false},"excerpt":{"rendered":"<p>Pozi\u021biile tehnice sunt mereu o provocare pentru recrutori, acestea fiind roluri complexe care implic\u0103 inevitabil discu\u021bii tehnice specifice rolului. Un prim pas este identificarea corect\u0103 a nevoii de recrutare. O identificare superficial\u0103 pune de obicei recrutorii pe piste gre\u0219ite, a\u0219adar noi am ales s\u0103 colabor\u0103m cu exper\u021bi din diverse industrii \u0219i s\u0103 analiz\u0103m \u00een cel mai mic detaliu rolul cerut Rolurile tehnice sau de ni\u0219\u0103 cer \u00eentotdeauna o recrutare activ\u0103 \u0219i un studiu detaliat de pia\u021b\u0103. Noi avem resursele pentru a atrage candida\u021bii potrivi\u021bi pentru echipa dumneavoastr\u0103 \u0219i pentru a le identifica competen\u021bele tehnice de baz\u0103. \u00cen acest fel putem <\/p>","protected":false},"author":1,"featured_media":0,"parent":0,"menu_order":0,"comment_status":"closed","ping_status":"closed","template":"","meta":{"footnotes":""},"class_list":["post-390","page","type-page","status-publish","hentry"],"aioseo_notices":[],"_links":{"self":[{"href":"https:\/\/www.seequestsolutions.com\/en\/wp-json\/wp\/v2\/pages\/390","targetHints":{"allow":["GET"]}}],"collection":[{"href":"https:\/\/www.seequestsolutions.com\/en\/wp-json\/wp\/v2\/pages"}],"about":[{"href":"https:\/\/www.seequestsolutions.com\/en\/wp-json\/wp\/v2\/types\/page"}],"author":[{"embeddable":true,"href":"https:\/\/www.seequestsolutions.com\/en\/wp-json\/wp\/v2\/users\/1"}],"replies":[{"embeddable":true,"href":"https:\/\/www.seequestsolutions.com\/en\/wp-json\/wp\/v2\/comments?post=390"}],"version-history":[{"count":5,"href":"https:\/\/www.seequestsolutions.com\/en\/wp-json\/wp\/v2\/pages\/390\/revisions"}],"predecessor-version":[{"id":1403,"href":"https:\/\/www.seequestsolutions.com\/en\/wp-json\/wp\/v2\/pages\/390\/revisions\/1403"}],"wp:attachment":[{"href":"https:\/\/www.seequestsolutions.com\/en\/wp-json\/wp\/v2\/media?parent=390"}],"curies":[{"name":"wp","href":"https:\/\/api.w.org\/{rel}","templated":true}]}}