{"id":357,"date":"2021-09-02T18:46:32","date_gmt":"2021-09-02T16:46:32","guid":{"rendered":"https:\/\/www.seequestsolutions.com\/?page_id=357"},"modified":"2021-10-01T09:42:45","modified_gmt":"2021-10-01T07:42:45","slug":"recrutare-roluri-de-nisa","status":"publish","type":"page","link":"https:\/\/www.seequestsolutions.com\/en\/recrutare-roluri-de-nisa\/","title":{"rendered":"Niche recruitment services"},"content":{"rendered":"<p style=\"font-size:17px\">Is your company searching to fill complex roles, niched where the only approach is active recruitment?<\/p>\n\n\n\n<p style=\"font-size:17px\">If the answer is yes, our team will help you with recruitment processes, ideal for niche openings where the number of candidates is limited, and specific competences are required.<\/p>\n\n\n\n<p style=\"font-size:17px\">For complex openings there are no general approaches, so we tailor the recruitment process so we can better answer to your recruitment needs.<\/p>\n\n\n\n<p style=\"font-size:17px\">We are here for you to find solutions and deliver results. You will have a dedicated HR specialist who will take care of your project from start to finish.<\/p>","protected":false},"excerpt":{"rendered":"<p>Compania dumneavoastr\u0103 este \u00een c\u0103utarea unor pozi\u021bii complexe, ni\u0219ate, care necesit\u0103 c\u0103utare activ\u0103? Dac\u0103 r\u0103spunsul este da, echipa noastr\u0103 v\u0103 vine \u00een ajutor cu procese de recrutare, ideale pentru aceste tipuri de posturi, unde num\u0103rul de candida\u021bi este limitat \u0219i sunt necesare competen\u021be ni\u0219ate \u00cen cazul rolurilor complexe nu se potrivesc abord\u0103rile generale, a\u0219adar noi adapt\u0103m procesul de recrutare astfel \u00eenc\u00e2t s\u0103 r\u0103spund\u0103 c\u00e2t mai bine nevoilor rolului. Suntem al\u0103turi de dumneavoastr\u0103 pentru a g\u0103si solu\u021bii \u0219i a livra rezultate, a\u0219adar ve\u021bi colabora \u00een mod direct cu un specialist HR dedicat proiectului dumneavoastr\u0103<\/p>","protected":false},"author":1,"featured_media":0,"parent":0,"menu_order":0,"comment_status":"closed","ping_status":"closed","template":"","meta":{"footnotes":""},"class_list":["post-357","page","type-page","status-publish","hentry"],"aioseo_notices":[],"_links":{"self":[{"href":"https:\/\/www.seequestsolutions.com\/en\/wp-json\/wp\/v2\/pages\/357","targetHints":{"allow":["GET"]}}],"collection":[{"href":"https:\/\/www.seequestsolutions.com\/en\/wp-json\/wp\/v2\/pages"}],"about":[{"href":"https:\/\/www.seequestsolutions.com\/en\/wp-json\/wp\/v2\/types\/page"}],"author":[{"embeddable":true,"href":"https:\/\/www.seequestsolutions.com\/en\/wp-json\/wp\/v2\/users\/1"}],"replies":[{"embeddable":true,"href":"https:\/\/www.seequestsolutions.com\/en\/wp-json\/wp\/v2\/comments?post=357"}],"version-history":[{"count":7,"href":"https:\/\/www.seequestsolutions.com\/en\/wp-json\/wp\/v2\/pages\/357\/revisions"}],"predecessor-version":[{"id":462,"href":"https:\/\/www.seequestsolutions.com\/en\/wp-json\/wp\/v2\/pages\/357\/revisions\/462"}],"wp:attachment":[{"href":"https:\/\/www.seequestsolutions.com\/en\/wp-json\/wp\/v2\/media?parent=357"}],"curies":[{"name":"wp","href":"https:\/\/api.w.org\/{rel}","templated":true}]}}