{"id":355,"date":"2021-09-02T18:46:10","date_gmt":"2021-09-02T16:46:10","guid":{"rendered":"https:\/\/www.seequestsolutions.com\/?page_id=355"},"modified":"2021-09-09T22:08:38","modified_gmt":"2021-09-09T20:08:38","slug":"recrutare-pozitii-de-management","status":"publish","type":"page","link":"https:\/\/www.seequestsolutions.com\/en\/recrutare-pozitii-de-management\/","title":{"rendered":"Executive search"},"content":{"rendered":"<p style=\"font-size:17px\">When we propose candidates for management positions, we always make sure that:<\/p>\n\n\n\n<ol class=\"wp-block-list\" style=\"font-size:17px\"><li>The proposed person has the required leadership and management skills<\/li><li>The candidate matches with the core values, vision and the business objectives of the company<\/li><li>Your new colleague will fit the team<\/li><\/ol>\n\n\n\n<p style=\"font-size:17px\">We are here for you to find solutions and deliver results. You will have a dedicated HR specialist who will take care of your project from start to finish.<\/p>","protected":false},"excerpt":{"rendered":"<p>Pentru a alege cel mai potrivit candidat pentru pozi\u021bia de management de care compania dumneavoastr\u0103 are nevoie, ne asigur\u0103m c\u0103: Persoana propus\u0103 are competen\u021bele necesare de leadership\/management; Rezoneaz\u0103 cu misiunea, viziunea \u0219i obiectivele companiei; Se potrive\u0219te cu echipa pe care o coordoneaz\u0103; Suntem al\u0103turi de dumneavoastr\u0103 pentru a g\u0103si solu\u021bii \u0219i a livra rezultate, a\u0219adar ve\u021bi colabora \u00een mod direct cu un specialist HR dedicat proiectului dumneavoastr\u0103<\/p>","protected":false},"author":1,"featured_media":0,"parent":0,"menu_order":0,"comment_status":"closed","ping_status":"closed","template":"","meta":{"footnotes":""},"class_list":["post-355","page","type-page","status-publish","hentry"],"aioseo_notices":[],"_links":{"self":[{"href":"https:\/\/www.seequestsolutions.com\/en\/wp-json\/wp\/v2\/pages\/355","targetHints":{"allow":["GET"]}}],"collection":[{"href":"https:\/\/www.seequestsolutions.com\/en\/wp-json\/wp\/v2\/pages"}],"about":[{"href":"https:\/\/www.seequestsolutions.com\/en\/wp-json\/wp\/v2\/types\/page"}],"author":[{"embeddable":true,"href":"https:\/\/www.seequestsolutions.com\/en\/wp-json\/wp\/v2\/users\/1"}],"replies":[{"embeddable":true,"href":"https:\/\/www.seequestsolutions.com\/en\/wp-json\/wp\/v2\/comments?post=355"}],"version-history":[{"count":4,"href":"https:\/\/www.seequestsolutions.com\/en\/wp-json\/wp\/v2\/pages\/355\/revisions"}],"predecessor-version":[{"id":385,"href":"https:\/\/www.seequestsolutions.com\/en\/wp-json\/wp\/v2\/pages\/355\/revisions\/385"}],"wp:attachment":[{"href":"https:\/\/www.seequestsolutions.com\/en\/wp-json\/wp\/v2\/media?parent=355"}],"curies":[{"name":"wp","href":"https:\/\/api.w.org\/{rel}","templated":true}]}}